{"id":1554,"date":"2025-05-12T07:42:43","date_gmt":"2025-05-12T07:42:43","guid":{"rendered":"https:\/\/ck20252331.live-website.com\/?page_id=1554"},"modified":"2025-11-27T12:23:06","modified_gmt":"2025-11-27T12:23:06","slug":"impressum","status":"publish","type":"page","link":"https:\/\/city-kuechen.com\/en\/impressum","title":{"rendered":"Imprint"},"content":{"rendered":"<div data-elementor-type=\"wp-page\" data-elementor-id=\"1554\" class=\"elementor elementor-1554\" data-elementor-post-type=\"page\">\n\t\t\t\t<div class=\"elementor-element elementor-element-e351f16 e-flex e-con-boxed wpr-particle-no wpr-jarallax-no wpr-parallax-no wpr-sticky-section-no wpr-equal-height-no e-con e-parent\" data-id=\"e351f16\" data-element_type=\"container\" data-e-type=\"container\" data-settings=\"{&quot;background_background&quot;:&quot;classic&quot;}\">\n\t\t\t\t\t<div class=\"e-con-inner\">\n\t\t\t\t\t<\/div>\n\t\t\t\t<\/div>\n\t\t\t\t<section class=\"elementor-section elementor-top-section elementor-element elementor-element-030261b elementor-section-boxed elementor-section-height-default elementor-section-height-default wpr-particle-no wpr-jarallax-no wpr-parallax-no wpr-sticky-section-no wpr-equal-height-no\" data-id=\"030261b\" data-element_type=\"section\" data-e-type=\"section\">\n\t\t\t\t\t\t<div class=\"elementor-container elementor-column-gap-default\">\n\t\t\t\t\t<div class=\"elementor-column elementor-col-100 elementor-top-column elementor-element elementor-element-7b27b66\" data-id=\"7b27b66\" data-element_type=\"column\" data-e-type=\"column\">\n\t\t\t<div class=\"elementor-widget-wrap elementor-element-populated\">\n\t\t\t\t\t\t<div class=\"elementor-element elementor-element-9909139 elementor-widget elementor-widget-heading\" data-id=\"9909139\" data-element_type=\"widget\" data-e-type=\"widget\" data-widget_type=\"heading.default\">\n\t\t\t\t\t<h2 class=\"elementor-heading-title elementor-size-default\">Imprint<\/h2>\t\t\t\t<\/div>\n\t\t\t\t<div class=\"elementor-element elementor-element-579174c animated-slow elementor-widget-divider--view-line elementor-invisible elementor-widget elementor-widget-divider\" data-id=\"579174c\" data-element_type=\"widget\" data-e-type=\"widget\" data-settings=\"{&quot;_animation&quot;:&quot;fadeIn&quot;,&quot;_animation_delay&quot;:222}\" data-widget_type=\"divider.default\">\n\t\t\t\t\t\t\t<div class=\"elementor-divider\">\n\t\t\t<span class=\"elementor-divider-separator\">\n\t\t\t\t\t\t<\/span>\n\t\t<\/div>\n\t\t\t\t\t\t<\/div>\n\t\t\t\t\t<\/div>\n\t\t<\/div>\n\t\t\t\t\t<\/div>\n\t\t<\/section>\n\t\t<div class=\"elementor-element elementor-element-0c914cd e-flex e-con-boxed wpr-particle-no wpr-jarallax-no wpr-parallax-no wpr-sticky-section-no wpr-equal-height-no e-con e-parent\" data-id=\"0c914cd\" data-element_type=\"container\" data-e-type=\"container\">\n\t\t\t\t\t<div class=\"e-con-inner\">\n\t\t<div class=\"elementor-element elementor-element-d099db4 e-con-full e-flex wpr-particle-no wpr-jarallax-no wpr-parallax-no wpr-sticky-section-no wpr-equal-height-no e-con e-child\" data-id=\"d099db4\" data-element_type=\"container\" data-e-type=\"container\">\n\t\t\t\t<div class=\"elementor-element elementor-element-a7ecffc elementor-widget elementor-widget-text-editor\" data-id=\"a7ecffc\" data-element_type=\"widget\" data-e-type=\"widget\" data-widget_type=\"text-editor.default\">\n\t\t\t\t\t\t\t\t\t<div class=\"g-grid\"><div class=\"g-block size-100\"><div id=\"custom-2195-particle\" class=\"g-content g-particle\"><p>The imprint also applies to the following social media profiles:<br \/><em>Facebook:<\/em> www.facebook.com\/citykuechen<br \/><em>Instagram:<\/em> www.instagram.com\/citykuechen<br \/><br \/><\/p><\/div><\/div><\/div><div class=\"g-grid\"><div class=\"g-block size-50\"><div id=\"custom-5127-particle\" class=\"g-content g-particle\"><h2><br \/>Information according to \u00a7 5 TMG:<\/h2><p>CITY-K\u00dcCHEN GmbH &amp; Co. KG <br \/>Hohenzollerndamm 187 10713\u00a0Berlin <br \/>Managing Director: David Ruder<\/p><p>Telefon +49 (0) 30-86 47 68-0 <br \/>Telefax +49 (0) 30-86 47 68-14 <br \/>info@city-kuechen.de<\/p><h2><br \/>Register entry:<\/h2><p>Entry in the commercial register. <br \/>Register court: District Court of Berlin-Charlottenburg <br \/>Register-Nr. HRA 36551 B<\/p><\/div><\/div><div class=\"g-block size-50\"><div id=\"custom-5272-particle\" class=\"g-content g-particle\"><h2><br \/>VAT:<\/h2><p>VAT identification number according to<br \/>\u00a727 a Sales Tax Law: DE814431025<\/p><h2><br \/>Personally liable partners:<\/h2><p>CITY-K\u00dcCHEN Verwaltungs GmbH <br \/>Register-Nr. HRB 96709 B <br \/>Represented by: David Ruder<\/p><h2><br \/>Dispute resolution<\/h2><p>We are not willing or obliged to participate in dispute resolution proceedings before a consumer arbitration board.<\/p><\/div><\/div><\/div>\t\t\t\t\t\t\t\t<\/div>\n\t\t\t\t<\/div>\n\t\t<div class=\"elementor-element elementor-element-d907782 e-con-full e-flex wpr-particle-no wpr-jarallax-no wpr-parallax-no wpr-sticky-section-no wpr-equal-height-no e-con e-child\" data-id=\"d907782\" data-element_type=\"container\" data-e-type=\"container\">\n\t\t\t\t<div class=\"elementor-element elementor-element-9a2151e elementor-widget elementor-widget-text-editor\" data-id=\"9a2151e\" data-element_type=\"widget\" data-e-type=\"widget\" data-widget_type=\"text-editor.default\">\n\t\t\t\t\t\t\t\t\t<div class=\"g-grid\"><div class=\"g-block size-100\"><div id=\"custom-4171-particle\" class=\"g-content g-particle\"><h2>Liability for content<\/h2><\/div><\/div><\/div><div class=\"g-grid\"><div class=\"g-block size-50\"><div id=\"custom-3875-particle\" class=\"g-content g-particle\"><p>As a service provider, we are responsible for our own content on these pages in accordance with Section 7 (1) of the German Telemedia Act (TMG). However, according to Sections 8 to 10 of the German Telemedia Act (TMG), we as service providers are not obligated to monitor transmitted or stored third-party information or to investigate circumstances that indicate illegal activity.<\/p><\/div><\/div><div class=\"g-block size-50\"><div id=\"custom-4701-particle\" class=\"g-content g-particle\"><p>Obligations to remove or block the use of information under general law remain unaffected. However, liability in this regard is only possible at the time of knowledge about a specific violation of law. Upon becoming aware of such violations, we will remove such content immediately.<\/p><\/div><\/div><\/div><div class=\"g-grid\"><div class=\"g-block size-100\"><div id=\"custom-7348-particle\" class=\"g-content g-particle\"><h2><br \/>Liability for links<\/h2><\/div><\/div><\/div><div class=\"g-grid\"><div class=\"g-block size-50\"><div id=\"custom-2863-particle\" class=\"g-content g-particle\"><p>Our website contains links to external third-party websites over whose content we have no influence. Therefore, we cannot accept any liability for this external content. The respective provider or operator of the linked pages is always responsible for the content of the linked pages. The linked pages were reviewed for possible legal violations at the time of linking. No illegal content was apparent at the time of linking.<\/p><\/div><\/div><div class=\"g-block size-50\"><div id=\"custom-4385-particle\" class=\"g-content g-particle\"><p>However, permanent monitoring of the content of linked pages is unreasonable without concrete evidence of a legal violation. Upon notification of any legal violations, we will remove such links immediately.<\/p><\/div><\/div><\/div><div class=\"g-grid\"><div class=\"g-block size-100\"><div id=\"custom-7369-particle\" class=\"g-content g-particle\"><h2>copyright<\/h2><\/div><\/div><\/div><div class=\"g-grid\"><div class=\"g-block size-50\"><div id=\"custom-1987-particle\" class=\"g-content g-particle\"><p>The content and works on these pages created by the site operators are subject to German copyright law. Reproduction, processing, distribution, and any form of exploitation outside the limits of copyright law require the written consent of the respective author or creator. Downloads and copies of this site are permitted only for private, non-commercial use.<\/p><\/div><\/div><div class=\"g-block size-50\"><div id=\"custom-3734-particle\" class=\"g-content g-particle\"><p>To the extent that the content on this site was not created by the operator, the copyrights of third parties are respected. In particular, third-party content is marked as such. Should you nevertheless become aware of a copyright infringement, please notify us accordingly. Upon notification of any such violations, we will remove such content immediately.<\/p><\/div><\/div><\/div>\t\t\t\t\t\t\t\t<\/div>\n\t\t\t\t<\/div>\n\t\t\t\t\t<\/div>\n\t\t\t\t<\/div>\n\t\t<div class=\"elementor-element elementor-element-da7c1ec e-flex e-con-boxed wpr-particle-no wpr-jarallax-no wpr-parallax-no wpr-sticky-section-no wpr-equal-height-no e-con e-parent\" data-id=\"da7c1ec\" data-element_type=\"container\" data-e-type=\"container\">\n\t\t\t\t\t<div class=\"e-con-inner\">\n\t\t<div class=\"elementor-element elementor-element-3d04485 e-con-full e-flex wpr-particle-no wpr-jarallax-no wpr-parallax-no wpr-sticky-section-no wpr-equal-height-no e-con e-child\" data-id=\"3d04485\" data-element_type=\"container\" data-e-type=\"container\">\n\t\t\t\t<div class=\"elementor-element elementor-element-8d64fc4 animated-slow elementor-view-default elementor-invisible elementor-widget elementor-widget-icon\" data-id=\"8d64fc4\" data-element_type=\"widget\" data-e-type=\"widget\" data-settings=\"{&quot;_animation&quot;:&quot;fadeInUp&quot;}\" data-widget_type=\"icon.default\">\n\t\t\t\t\t\t\t<div class=\"elementor-icon-wrapper\">\n\t\t\t<div class=\"elementor-icon elementor-animation-grow\">\n\t\t\t<svg xmlns=\"http:\/\/www.w3.org\/2000\/svg\" xmlns:i=\"http:\/\/ns.adobe.com\/AdobeIllustrator\/10.0\/\" id=\"Ebene_1\" width=\"555\" height=\"227\" viewbox=\"0 0 555 227\"><path d=\"M486.3,50.3h-98.4c-8,0-14.4,6.4-14.4,14.4v96.2c0,8,6.5,14.4,14.4,14.4h98.4c8,0,14.4-6.5,14.4-14.4v-96.2c0-8-6.5-14.4-14.4-14.4ZM490.3,153c0,6.6-5.4,12-12,12h-82.3c-6.7,0-12-5.4-12-12v-80.5c0-6.7,5.4-12,12-12h82.3c6.6,0,12,5.4,12,12v80.5Z\"><\/path><rect x=\"265.4\" y=\"57.9\" width=\"3\" height=\"114.7\"><\/rect><path d=\"M452.6,91.1c-2.7-2.7-6.5-4.4-10.7-4.4h-24.8v54.3h11.6v-24.1h13.2c8.3,0,15.1-6.8,15.1-15.1s-1.7-8-4.4-10.7h0ZM443.5,106.6c-1.2,1.2-2.9,2-4.8,2h-10v-13.5h10c3.7,0,6.8,3,6.8,6.8s-.8,3.5-2,4.8h0Z\"><\/path><g><path d=\"M117.4,149.6c5.1,0,10-1.2,14.3-3.4-3.3,8.6-4.1,17.5-4.3,19.9-3.2.6-6.6,1-10,1s-6.8-.3-10-1c-.2-2.3-1-11.3-4.3-19.9,4.3,2.2,9.2,3.4,14.3,3.4ZM122.9,161.7c.3-2.1.7-4.8,1.4-7.8-2.2.4-4.5.6-6.8.6s-4.6-.2-6.8-.6c.7,3,1.1,5.7,1.4,7.8,1.8.2,3.6.3,5.4.3s3.6-.1,5.4-.3Z\"><\/path><path d=\"M117.4,148.6c-4.7,0-9.2-1.1-13.4-3.3-3.2-8.4-7.8-13.9-13.5-16.3-.6-.2-1.2-.5-1.7-.7-1.9-4.6-2.9-9.5-2.9-14.6s1-10.3,3.1-15c9.6-2,19.2-3.1,28.5-3.1s18.9,1,28.5,3.1c2,4.7,3.1,9.8,3.1,15s-1,10-2.9,14.6c-.6.2-1.1.4-1.7.7-5.8,2.4-10.3,7.9-13.5,16.3-4.2,2.2-8.7,3.3-13.4,3.3ZM117.4,101.6c-6.6,0-11.9,5.3-11.9,11.9s5.3,11.9,11.9,11.9,11.9-5.3,11.9-11.9-5.3-11.9-11.9-11.9Z\"><\/path><path d=\"M65.3,114.2c0,12.9,4.7,24.7,12.5,33.8l-7.8,7.8c-9.7-11.1-15.7-25.7-15.7-41.6s4-25.2,10.8-35.3l8.7,6.7c-5.4,8.2-8.6,18-8.6,28.6Z\"><\/path><path d=\"M117.4,61.5c17.9,0,33.7,8.9,43.2,22.5l7.7-6c-11.3-15.9-29.9-26.3-50.9-26.3s-39.6,10.4-50.9,26.3l7.7,6c9.5-13.6,25.3-22.5,43.2-22.5Z\"><\/path><path d=\"M117.4,167c-15.5,0-29.5-6.7-39.1-17.4l-6.9,6.9c11.4,12.4,27.8,20.2,46,20.2s34.6-7.8,46-20.2l-6.9-6.9c-9.7,10.7-23.6,17.4-39.1,17.4Z\"><\/path><path d=\"M169.6,114.2c0,12.9-4.7,24.7-12.5,33.8l7.8,7.8c9.7-11.1,15.7-25.7,15.7-41.6s-4-25.2-10.8-35.3l-8.7,6.7c5.4,8.2,8.6,18,8.6,28.6Z\"><\/path><path d=\"M147.5,129.2c2-4.5,3.1-9.6,3.1-14.9s-1.2-10.8-3.3-15.5c10.8,2.2,18.6,5,21.4,6.1.6,3.1.9,6.2.9,9.4,0,4.8-.6,9.4-1.8,13.7-2-.7-9.1-2.7-20.2,1.2ZM160.2,121.9c1.4,0,2.6,0,3.7.2.4-2.6.7-5.2.7-7.9s-.1-3.8-.4-5.7c-2.3-.8-5.5-1.8-9.5-2.9.6,2.8.9,5.7.9,8.6s-.3,5.4-.8,8c1.8-.3,3.6-.4,5.4-.4Z\"><\/path><path d=\"M67.2,128c-1.2-4.4-1.8-9-1.8-13.7s.3-6.4.9-9.4c2.8-1.1,10.6-3.9,21.4-6.1-2.1,4.7-3.3,9.9-3.3,15.5s1.1,10.4,3.1,14.9c-11-3.9-18.2-1.9-20.2-1.2ZM79.3,114.2c0-2.9.3-5.8.9-8.6-4,1.1-7.2,2.1-9.5,2.9-.2,1.9-.4,3.8-.4,5.7s.2,5.3.7,7.9c1.1-.1,2.4-.2,3.7-.2s3.5.1,5.4.4c-.5-2.6-.8-5.3-.8-8Z\"><\/path><\/g><metadata><\/metadata><\/svg>\t\t\t<\/div>\n\t\t<\/div>\n\t\t\t\t\t\t<\/div>\n\t\t\t\t<\/div>\n\t\t<div class=\"elementor-element elementor-element-39704ff e-con-full e-flex wpr-particle-no wpr-jarallax-no wpr-parallax-no wpr-sticky-section-no wpr-equal-height-no e-con e-child\" data-id=\"39704ff\" data-element_type=\"container\" data-e-type=\"container\">\n\t\t\t\t<div class=\"elementor-element elementor-element-d95d4d9 animated-slow elementor-invisible elementor-widget elementor-widget-text-editor\" data-id=\"d95d4d9\" data-element_type=\"widget\" data-e-type=\"widget\" data-settings=\"{&quot;_animation&quot;:&quot;fadeInUp&quot;,&quot;_animation_delay&quot;:444}\" data-widget_type=\"text-editor.default\">\n\t\t\t\t\t\t\t\t\t<p>Free City K\u00fcchen parking spaces are located at the entrance \u201cHohenzollerndamm 186\u201d.<\/p>\t\t\t\t\t\t\t\t<\/div>\n\t\t\t\t<\/div>\n\t\t\t\t\t<\/div>\n\t\t\t\t<\/div>\n\t\t\t\t<\/div>","protected":false},"excerpt":{"rendered":"<p>Impressum Das Impressum gilt auch f\u00fcr folgende Social Media Profile:Facebook: www.facebook.com\/citykuechenInstagram: www.instagram.com\/citykuechen Angaben gem\u00e4\u00df \u00a7 5 TMG: CITY-K\u00dcCHEN GmbH &amp; Co. KG Hohenzollerndamm 187 10713\u00a0Berlin Gesch\u00e4ftsf\u00fchrer: David Ruder Telefon +49 (0) 30-86 47 68-0 Telefax +49 (0) 30-86 47 68-14 info@city-kuechen.de Registereintrag: Eintragung im Handelsregister. Registergericht: Amtsgericht Berlin-Charlottenburg Register-Nr. HRA 36551 B Umsatzsteuer: Umsatzsteuer-Identifikationsnummer gem\u00e4\u00df\u00a727 a Umsatzsteuergesetz: DE814431025 Pers\u00f6nlich haftende Gesellschafter: CITY-K\u00dcCHEN Verwaltungs GmbH Register-Nr. HRB 96709 B Vertreten durch: David Ruder Streitschlichtung Wir sind nicht bereit oder verpflichtet, an Streitbeilegungsverfahren vor einer Verbraucherschlichtungsstelle teilzunehmen. Haftung fu\u0308r Inhalte Als Diensteanbieter sind wir gem\u00e4\u00df \u00a7 7 Abs.1 TMG fu\u0308r eigene Inhalte auf diesen Seiten nach den allgemeinen Gesetzen verantwortlich. Nach \u00a7\u00a7 8 bis 10 TMG sind wir als Diensteanbieter jedoch nicht verpflichtet, u\u0308bermittelte oder gespeicherte fremde Informationen zu u\u0308berwachen oder nach Umst\u00e4nden zu forschen, die auf eine rechtswidrige T\u00e4tigkeit hinweisen. Verpflichtungen zur Entfernung oder Sperrung der Nutzung von Informationen nach den allgemeinen Gesetzen bleiben hiervon unberu\u0308hrt. Eine diesbezu\u0308gliche Haftung ist jedoch erst ab dem Zeitpunkt der Kenntnis einer konkreten Rechtsverletzung m\u00f6glich. Bei Bekanntwerden von entsprechenden Rechtsverletzungen werden wir diese Inhalte umgehend entfernen. Haftung fu\u0308r Links Unser Angebot enth\u00e4lt Links zu externen Websites Dritter, auf deren Inhalte wir keinen Einfluss haben. Deshalb k\u00f6nnen wir fu\u0308r diese fremden Inhalte auch keine Gew\u00e4hr u\u0308bernehmen. Fu\u0308r die Inhalte der verlinkten Seiten ist stets der jeweilige Anbieter oder Betreiber der Seiten verantwortlich. Die verlinkten Seiten wurden zum Zeitpunkt der Verlinkung auf m\u00f6gliche Rechtsverst\u00f6\u00dfe u\u0308berpru\u0308ft. Rechtswidrige Inhalte waren zum Zeitpunkt der Verlinkung nicht erkennbar. Eine permanente inhaltliche Kontrolle der verlinkten Seiten ist jedoch ohne konkrete Anhaltspunkte einer Rechtsverletzung nicht zumutbar. Bei Bekanntwerden von Rechtsverletzungen werden wir derartige Links umgehend entfernen. Urheberrecht Die durch die Seitenbetreiber erstellten Inhalte und Werke auf diesen Seiten unterliegen dem deutschen Urheberrecht. Die Vervielf\u00e4ltigung, Bearbeitung, Verbreitung und jede Art der Verwertung au\u00dferhalb der Grenzen des Urheberrechtes bedu\u0308rfen der schriftlichen Zustimmung des jeweiligen Autors bzw. Erstellers. Downloads und Kopien dieser Seite sind nur fu\u0308r den privaten, nicht kommerziellen Gebrauch gestattet. Soweit die Inhalte auf dieser Seite nicht vom Betreiber erstellt wurden, werden die Urheberrechte Dritter beachtet. Insbesondere werden Inhalte Dritter als solche gekennzeichnet. Sollten Sie trotzdem auf eine Urheberrechtsverletzung aufmerksam werden, bitten wir um einen entsprechenden Hinweis. Bei Bekanntwerden von Rechtsverletzungen werden wir derartige Inhalte umgehend entfernen. Kostenlose City K\u00fcchen Parkpl\u00e4tze befinden sich bei der Einfahrt \u201eHohenzollerndamm 186\u201c.<\/p>","protected":false},"author":1,"featured_media":0,"parent":0,"menu_order":0,"comment_status":"closed","ping_status":"closed","template":"elementor_header_footer","meta":{"footnotes":""},"class_list":["post-1554","page","type-page","status-publish","hentry"],"yoast_head":"<!-- This site is optimized with the Yoast SEO plugin v27.3 - https:\/\/yoast.com\/product\/yoast-seo-wordpress\/ -->\n<title>Impressum - K\u00fcchenstudio Berlin<\/title>\n<meta name=\"description\" content=\"CITY K\u00dcCHEN Berlin. Einmal im Leben. Wir planen die K\u00fcche Deines Lebens. Klassisch. Puristisch. Urban. Ihr Traum wird K\u00fcche.\" \/>\n<meta name=\"robots\" content=\"index, follow, max-snippet:-1, max-image-preview:large, max-video-preview:-1\" \/>\n<link rel=\"canonical\" href=\"https:\/\/city-kuechen.com\/en\/impressum\/\" \/>\n<meta property=\"og:locale\" content=\"en_US\" \/>\n<meta property=\"og:type\" content=\"article\" \/>\n<meta property=\"og:title\" content=\"CITY K\u00dcCHEN Berlin.\" \/>\n<meta property=\"og:description\" content=\"Einmal im Leben. Wir planen die K\u00fcche Deines Lebens. Klassisch. Puristisch. Urban. Ihr Traum wird K\u00fcche\" \/>\n<meta property=\"og:url\" content=\"https:\/\/city-kuechen.com\/en\/impressum\/\" \/>\n<meta property=\"og:site_name\" content=\"K\u00fcchenstudio Berlin\" \/>\n<meta property=\"article:publisher\" content=\"https:\/\/www.facebook.com\/citykuechen\/\" \/>\n<meta property=\"article:modified_time\" content=\"2025-11-27T12:23:06+00:00\" \/>\n<meta property=\"og:image\" content=\"https:\/\/city-kuechen.com\/wp-content\/uploads\/2025\/11\/41e0ad_61bb5f6f06c445a0998182b05d1e3a42city.kuechen.berlin.jpg\" \/>\n\t<meta property=\"og:image:width\" content=\"1200\" \/>\n\t<meta property=\"og:image:height\" content=\"800\" \/>\n\t<meta property=\"og:image:type\" content=\"image\/jpeg\" \/>\n<meta name=\"twitter:card\" content=\"summary_large_image\" \/>\n<meta name=\"twitter:title\" content=\"CITY K\u00dcCHEN Berlin.\" \/>\n<meta name=\"twitter:description\" content=\"Einmal im Leben. Wir planen die K\u00fcche Deines Lebens. Klassisch. Puristisch. Urban. Ihr Traum wird K\u00fcche\" \/>\n<meta name=\"twitter:image\" content=\"https:\/\/city-kuechen.com\/wp-content\/uploads\/2025\/11\/41e0ad_61bb5f6f06c445a0998182b05d1e3a42city.kuechen.berlin.jpg\" \/>\n<meta name=\"twitter:label1\" content=\"Est. reading time\" \/>\n\t<meta name=\"twitter:data1\" content=\"3 minutes\" \/>\n<script type=\"application\/ld+json\" class=\"yoast-schema-graph\">{\"@context\":\"https:\\\/\\\/schema.org\",\"@graph\":[{\"@type\":\"WebPage\",\"@id\":\"https:\\\/\\\/city-kuechen.com\\\/impressum\",\"url\":\"https:\\\/\\\/city-kuechen.com\\\/impressum\",\"name\":\"Impressum - K\u00fcchenstudio Berlin\",\"isPartOf\":{\"@id\":\"https:\\\/\\\/city-kuechen.com\\\/#website\"},\"datePublished\":\"2025-05-12T07:42:43+00:00\",\"dateModified\":\"2025-11-27T12:23:06+00:00\",\"description\":\"CITY K\u00dcCHEN Berlin. Einmal im Leben. Wir planen die K\u00fcche Deines Lebens. Klassisch. Puristisch. Urban. Ihr Traum wird K\u00fcche.\",\"breadcrumb\":{\"@id\":\"https:\\\/\\\/city-kuechen.com\\\/impressum#breadcrumb\"},\"inLanguage\":\"en-US\",\"potentialAction\":[{\"@type\":\"ReadAction\",\"target\":[\"https:\\\/\\\/city-kuechen.com\\\/impressum\"]}]},{\"@type\":\"BreadcrumbList\",\"@id\":\"https:\\\/\\\/city-kuechen.com\\\/impressum#breadcrumb\",\"itemListElement\":[{\"@type\":\"ListItem\",\"position\":1,\"name\":\"Startseite\",\"item\":\"https:\\\/\\\/city-kuechen.com\\\/\"},{\"@type\":\"ListItem\",\"position\":2,\"name\":\"Impressum\"}]},{\"@type\":\"WebSite\",\"@id\":\"https:\\\/\\\/city-kuechen.com\\\/#website\",\"url\":\"https:\\\/\\\/city-kuechen.com\\\/\",\"name\":\"K\u00fcchenstudio Berlin\",\"description\":\"City K\u00fcchen\",\"publisher\":{\"@id\":\"https:\\\/\\\/city-kuechen.com\\\/#organization\"},\"potentialAction\":[{\"@type\":\"SearchAction\",\"target\":{\"@type\":\"EntryPoint\",\"urlTemplate\":\"https:\\\/\\\/city-kuechen.com\\\/?s={search_term_string}\"},\"query-input\":{\"@type\":\"PropertyValueSpecification\",\"valueRequired\":true,\"valueName\":\"search_term_string\"}}],\"inLanguage\":\"en-US\"},{\"@type\":\"Organization\",\"@id\":\"https:\\\/\\\/city-kuechen.com\\\/#organization\",\"name\":\"K\u00fcchenstudio Berlin\",\"url\":\"https:\\\/\\\/city-kuechen.com\\\/\",\"logo\":{\"@type\":\"ImageObject\",\"inLanguage\":\"en-US\",\"@id\":\"https:\\\/\\\/city-kuechen.com\\\/#\\\/schema\\\/logo\\\/image\\\/\",\"url\":\"https:\\\/\\\/city-kuechen.com\\\/wp-content\\\/uploads\\\/2025\\\/04\\\/city.font_.svg\",\"contentUrl\":\"https:\\\/\\\/city-kuechen.com\\\/wp-content\\\/uploads\\\/2025\\\/04\\\/city.font_.svg\",\"width\":1456,\"height\":220,\"caption\":\"K\u00fcchenstudio Berlin\"},\"image\":{\"@id\":\"https:\\\/\\\/city-kuechen.com\\\/#\\\/schema\\\/logo\\\/image\\\/\"},\"sameAs\":[\"https:\\\/\\\/www.facebook.com\\\/citykuechen\\\/\",\"https:\\\/\\\/www.instagram.com\\\/citykuechen\\\/\"]}]}<\/script>\n<!-- \/ Yoast SEO plugin. -->","yoast_head_json":{"title":"Impressum - K\u00fcchenstudio Berlin","description":"CITY K\u00dcCHEN Berlin. Einmal im Leben. Wir planen die K\u00fcche Deines Lebens. Klassisch. Puristisch. Urban. Ihr Traum wird K\u00fcche.","robots":{"index":"index","follow":"follow","max-snippet":"max-snippet:-1","max-image-preview":"max-image-preview:large","max-video-preview":"max-video-preview:-1"},"canonical":"https:\/\/city-kuechen.com\/en\/impressum\/","og_locale":"en_US","og_type":"article","og_title":"CITY K\u00dcCHEN Berlin.","og_description":"Einmal im Leben. Wir planen die K\u00fcche Deines Lebens. Klassisch. Puristisch. Urban. Ihr Traum wird K\u00fcche","og_url":"https:\/\/city-kuechen.com\/en\/impressum\/","og_site_name":"K\u00fcchenstudio Berlin","article_publisher":"https:\/\/www.facebook.com\/citykuechen\/","article_modified_time":"2025-11-27T12:23:06+00:00","og_image":[{"width":1200,"height":800,"url":"https:\/\/city-kuechen.com\/wp-content\/uploads\/2025\/11\/41e0ad_61bb5f6f06c445a0998182b05d1e3a42city.kuechen.berlin.jpg","type":"image\/jpeg"}],"twitter_card":"summary_large_image","twitter_title":"CITY K\u00dcCHEN Berlin.","twitter_description":"Einmal im Leben. Wir planen die K\u00fcche Deines Lebens. Klassisch. Puristisch. Urban. Ihr Traum wird K\u00fcche","twitter_image":"https:\/\/city-kuechen.com\/wp-content\/uploads\/2025\/11\/41e0ad_61bb5f6f06c445a0998182b05d1e3a42city.kuechen.berlin.jpg","twitter_misc":{"Est. reading time":"3 minutes"},"schema":{"@context":"https:\/\/schema.org","@graph":[{"@type":"WebPage","@id":"https:\/\/city-kuechen.com\/impressum","url":"https:\/\/city-kuechen.com\/impressum","name":"Impressum - K\u00fcchenstudio Berlin","isPartOf":{"@id":"https:\/\/city-kuechen.com\/#website"},"datePublished":"2025-05-12T07:42:43+00:00","dateModified":"2025-11-27T12:23:06+00:00","description":"CITY K\u00dcCHEN Berlin. Einmal im Leben. Wir planen die K\u00fcche Deines Lebens. Klassisch. Puristisch. Urban. Ihr Traum wird K\u00fcche.","breadcrumb":{"@id":"https:\/\/city-kuechen.com\/impressum#breadcrumb"},"inLanguage":"en-US","potentialAction":[{"@type":"ReadAction","target":["https:\/\/city-kuechen.com\/impressum"]}]},{"@type":"BreadcrumbList","@id":"https:\/\/city-kuechen.com\/impressum#breadcrumb","itemListElement":[{"@type":"ListItem","position":1,"name":"Startseite","item":"https:\/\/city-kuechen.com\/"},{"@type":"ListItem","position":2,"name":"Impressum"}]},{"@type":"WebSite","@id":"https:\/\/city-kuechen.com\/#website","url":"https:\/\/city-kuechen.com\/","name":"K\u00fcchenstudio Berlin","description":"City K\u00fcchen","publisher":{"@id":"https:\/\/city-kuechen.com\/#organization"},"potentialAction":[{"@type":"SearchAction","target":{"@type":"EntryPoint","urlTemplate":"https:\/\/city-kuechen.com\/?s={search_term_string}"},"query-input":{"@type":"PropertyValueSpecification","valueRequired":true,"valueName":"search_term_string"}}],"inLanguage":"en-US"},{"@type":"Organization","@id":"https:\/\/city-kuechen.com\/#organization","name":"K\u00fcchenstudio Berlin","url":"https:\/\/city-kuechen.com\/","logo":{"@type":"ImageObject","inLanguage":"en-US","@id":"https:\/\/city-kuechen.com\/#\/schema\/logo\/image\/","url":"https:\/\/city-kuechen.com\/wp-content\/uploads\/2025\/04\/city.font_.svg","contentUrl":"https:\/\/city-kuechen.com\/wp-content\/uploads\/2025\/04\/city.font_.svg","width":1456,"height":220,"caption":"K\u00fcchenstudio Berlin"},"image":{"@id":"https:\/\/city-kuechen.com\/#\/schema\/logo\/image\/"},"sameAs":["https:\/\/www.facebook.com\/citykuechen\/","https:\/\/www.instagram.com\/citykuechen\/"]}]}},"_links":{"self":[{"href":"https:\/\/city-kuechen.com\/en\/wp-json\/wp\/v2\/pages\/1554","targetHints":{"allow":["GET"]}}],"collection":[{"href":"https:\/\/city-kuechen.com\/en\/wp-json\/wp\/v2\/pages"}],"about":[{"href":"https:\/\/city-kuechen.com\/en\/wp-json\/wp\/v2\/types\/page"}],"author":[{"embeddable":true,"href":"https:\/\/city-kuechen.com\/en\/wp-json\/wp\/v2\/users\/1"}],"replies":[{"embeddable":true,"href":"https:\/\/city-kuechen.com\/en\/wp-json\/wp\/v2\/comments?post=1554"}],"version-history":[{"count":40,"href":"https:\/\/city-kuechen.com\/en\/wp-json\/wp\/v2\/pages\/1554\/revisions"}],"predecessor-version":[{"id":3755,"href":"https:\/\/city-kuechen.com\/en\/wp-json\/wp\/v2\/pages\/1554\/revisions\/3755"}],"wp:attachment":[{"href":"https:\/\/city-kuechen.com\/en\/wp-json\/wp\/v2\/media?parent=1554"}],"curies":[{"name":"wp","href":"https:\/\/api.w.org\/{rel}","templated":true}]}}